{"id":12,"date":"2018-05-07T08:19:49","date_gmt":"2018-05-07T08:19:49","guid":{"rendered":"https:\/\/moes-taverne.ch\/?page_id=12"},"modified":"2024-09-10T10:54:13","modified_gmt":"2024-09-10T08:54:13","slug":"impressum","status":"publish","type":"page","link":"https:\/\/moes-taverne.ch\/?page_id=12","title":{"rendered":"Impressum"},"content":{"rendered":"<p><span style=\"color: #ebebeb;\"><strong>Verantwortlich f\u00fcr den Inhalt der Seiten<br \/>\n<\/strong>www.moes-taverne.ch und www.moestaverne.ch<\/span><\/p>\n<p><span style=\"color: #ebebeb;\">Markus Ingold<\/span><br \/>\n<span style=\"color: #ebebeb;\">8802 Kilchberg<\/span><br \/>\n<span style=\"color: #ebebeb;\">Schweiz<\/span><\/p>\n<p><span style=\"color: #ebebeb;\"><a style=\"color: #ebebeb;\" href=\"mailto:info@moes-taverne.ch\" target=\"_blank\" rel=\"noopener\">info@moes-taverne.ch<\/a><\/span><\/p>\n<p><span style=\"color: #ebebeb;\">Bei der vorliegenden Webseite handelt es sich um eine rein private Seite.<\/span><\/p>\n<p><span style=\"color: #ebebeb;\"><strong>Copyright<\/strong><\/span><\/p>\n<p><span style=\"color: #ebebeb;\">Das Copyright f\u00fcr s\u00e4mtliche Inhalte dieser Website liegt bei Markus Ingold.<\/span><\/p>\n<p><span style=\"color: #ebebeb;\"><strong>Disclaimer<\/strong><\/span><\/p>\n<p><span style=\"color: #ebebeb;\">Alle Texte und Links wurden sorgf\u00e4ltig gepr\u00fcft und werden laufend aktualisiert. Wir sind bem\u00fcht, richtige und vollst\u00e4ndige Informationen auf dieser Website bereitzustellen, \u00fcbernehmen aber keinerlei Verantwortung, Garantien oder Haftung daf\u00fcr, dass die durch diese Website bereitgestellten Informationen, richtig, vollst\u00e4ndig oder aktuell sind. Wir behalten uns das Recht vor, jederzeit und ohne Vorank\u00fcndigung die Informationen auf dieser Website zu \u00e4ndern und verpflichten uns auch nicht, die enthaltenen Informationen zu aktualisieren. Alle Links zu externen Anbietern wurden zum Zeitpunkt ihrer Aufnahme auf ihre Richtigkeit \u00fcberpr\u00fcft, dennoch haften wir nicht f\u00fcr Inhalte und Verf\u00fcgbarkeit von Websites, die mittels Hyperlinks zu erreichen sind. F\u00fcr illegale, fehlerhafte oder unvollst\u00e4ndige Inhalte und insbesondere f\u00fcr Sch\u00e4den, die durch Inhalte verkn\u00fcpfter Seiten entstehen, haftet allein der Anbieter der Seite, auf welche verwiesen wurde. Dabei ist es gleichg\u00fcltig, ob der Schaden direkter, indirekter oder finanzieller Natur ist oder ein sonstiger Schaden vorliegt, der sich aus Datenverlust, Nutzungsausfall oder anderen Gr\u00fcnden aller Art ergeben k\u00f6nnte.<\/span><\/p>\n<p><span style=\"color: #ebebeb;\"><strong>Datenschutz<\/strong><\/span><\/p>\n<p><span style=\"color: #ebebeb;\">Ausgenommen bei gew\u00fcnschten Direktkontakten werden keine personenspezifischen oder statistischen Daten erhoben.<\/span><\/p>\n<p><span style=\"color: #ebebeb;\">F\u00fcr die Sicherheit der Daten\u00fcbertragung im Internet k\u00f6nnen wir keine Gew\u00e4hr \u00fcbernehmen, insbesondere besteht bei der \u00dcbertragung von Daten per E-Mail die Gefahr des Zugriffs durch Dritte.<\/span><\/p>\n<p><span style=\"color: #ebebeb;\">Einer Nutzung der im Impressum ver\u00f6ffentlichten Kontaktdaten durch Dritte zu Werbezwecken wird hiermit ausdr\u00fccklich widersprochen. Der Betreiber beh\u00e4lt sich f\u00fcr den Fall unverlangt zugesandter Werbe- oder Informationsmaterialien ausdr\u00fccklich rechtliche Schritte vor.<\/span><\/p>\n<p><span style=\"color: #ebebeb;\">Sollten einzelne Regelungen oder Formulierungen dieses Haftungsausschlusses unwirksam sein oder werden, bleiben die \u00fcbrigen Regelungen in ihrem Inhalt und ihrer G\u00fcltigkeit hiervon unber\u00fchrt.<\/span><\/p>\n","protected":false},"excerpt":{"rendered":"<p>Verantwortlich f\u00fcr den Inhalt der Seiten www.moes-taverne.ch und www.moestaverne.ch Markus Ingold 8802 Kilchberg Schweiz info@moes-taverne.ch Bei der vorliegenden Webseite handelt es sich um eine rein private Seite. Copyright Das Copyright f\u00fcr s\u00e4mtliche Inhalte dieser Website liegt bei Markus Ingold. Disclaimer Alle Texte und Links wurden sorgf\u00e4ltig gepr\u00fcft und werden laufend aktualisiert. Wir sind bem\u00fcht, richtige [&hellip;]<\/p>\n","protected":false},"author":2,"featured_media":0,"parent":0,"menu_order":0,"comment_status":"closed","ping_status":"closed","template":"","meta":{"footnotes":""},"class_list":["post-12","page","type-page","status-publish","hentry"],"_links":{"self":[{"href":"https:\/\/moes-taverne.ch\/index.php?rest_route=\/wp\/v2\/pages\/12","targetHints":{"allow":["GET"]}}],"collection":[{"href":"https:\/\/moes-taverne.ch\/index.php?rest_route=\/wp\/v2\/pages"}],"about":[{"href":"https:\/\/moes-taverne.ch\/index.php?rest_route=\/wp\/v2\/types\/page"}],"author":[{"embeddable":true,"href":"https:\/\/moes-taverne.ch\/index.php?rest_route=\/wp\/v2\/users\/2"}],"replies":[{"embeddable":true,"href":"https:\/\/moes-taverne.ch\/index.php?rest_route=%2Fwp%2Fv2%2Fcomments&post=12"}],"version-history":[{"count":7,"href":"https:\/\/moes-taverne.ch\/index.php?rest_route=\/wp\/v2\/pages\/12\/revisions"}],"predecessor-version":[{"id":1069,"href":"https:\/\/moes-taverne.ch\/index.php?rest_route=\/wp\/v2\/pages\/12\/revisions\/1069"}],"wp:attachment":[{"href":"https:\/\/moes-taverne.ch\/index.php?rest_route=%2Fwp%2Fv2%2Fmedia&parent=12"}],"curies":[{"name":"wp","href":"https:\/\/api.w.org\/{rel}","templated":true}]}}