{"id":17,"date":"2018-05-07T08:25:12","date_gmt":"2018-05-07T08:25:12","guid":{"rendered":"https:\/\/moes-taverne.ch\/?page_id=17"},"modified":"2022-02-14T16:36:31","modified_gmt":"2022-02-14T15:36:31","slug":"links","status":"publish","type":"page","link":"https:\/\/moes-taverne.ch\/?page_id=17","title":{"rendered":"Links"},"content":{"rendered":"<p><span style=\"color: #999999;\"><a style=\"color: #999999;\" href=\"https:\/\/www.banos-bar.com\" target=\"_blank\" rel=\"noopener noreferrer\">Ba\u00f1os-Bar Eventservice<\/a><\/span><\/p>\n<p><span style=\"color: #999999;\"><a style=\"color: #999999;\" href=\"http:\/\/www.goeldi.rocks\" target=\"_blank\" rel=\"noopener noreferrer\">DJ G\u00f6ldi<\/a><\/span><\/p>\n<p><span style=\"color: #999999;\"><a style=\"color: #999999;\" href=\"http:\/\/www.ipt.ch\" target=\"_blank\" rel=\"noopener noreferrer\">Innovation Process Technology AG<\/a><\/span><\/p>\n<p><span style=\"color: #999999;\"><a style=\"color: #999999;\" href=\"https:\/\/wildboars.ch\/\" target=\"_blank\" rel=\"noopener noreferrer\">Wild Boars Oberrieden<\/a><\/span><\/p>\n<p><span style=\"color: #999999;\"><a style=\"color: #999999;\" href=\"http:\/\/www.kir\u00fc.ch\" target=\"_blank\" rel=\"noopener noreferrer\">Feuerwehr Kilchberg-R\u00fcschlikon<\/a><\/span><\/p>\n<p><span style=\"color: #999999;\"><a style=\"color: #999999;\" href=\"https:\/\/simpsonspedia.net\/\" target=\"_blank\" rel=\"noopener noreferrer\">Simpsonspedia<\/a><\/span><\/p>\n","protected":false},"excerpt":{"rendered":"<p>Ba\u00f1os-Bar Eventservice DJ G\u00f6ldi Innovation Process Technology AG Wild Boars Oberrieden Feuerwehr Kilchberg-R\u00fcschlikon Simpsonspedia<\/p>\n","protected":false},"author":2,"featured_media":0,"parent":0,"menu_order":0,"comment_status":"closed","ping_status":"closed","template":"","meta":{"footnotes":""},"class_list":["post-17","page","type-page","status-publish","hentry"],"_links":{"self":[{"href":"https:\/\/moes-taverne.ch\/index.php?rest_route=\/wp\/v2\/pages\/17","targetHints":{"allow":["GET"]}}],"collection":[{"href":"https:\/\/moes-taverne.ch\/index.php?rest_route=\/wp\/v2\/pages"}],"about":[{"href":"https:\/\/moes-taverne.ch\/index.php?rest_route=\/wp\/v2\/types\/page"}],"author":[{"embeddable":true,"href":"https:\/\/moes-taverne.ch\/index.php?rest_route=\/wp\/v2\/users\/2"}],"replies":[{"embeddable":true,"href":"https:\/\/moes-taverne.ch\/index.php?rest_route=%2Fwp%2Fv2%2Fcomments&post=17"}],"version-history":[{"count":7,"href":"https:\/\/moes-taverne.ch\/index.php?rest_route=\/wp\/v2\/pages\/17\/revisions"}],"predecessor-version":[{"id":1175,"href":"https:\/\/moes-taverne.ch\/index.php?rest_route=\/wp\/v2\/pages\/17\/revisions\/1175"}],"wp:attachment":[{"href":"https:\/\/moes-taverne.ch\/index.php?rest_route=%2Fwp%2Fv2%2Fmedia&parent=17"}],"curies":[{"name":"wp","href":"https:\/\/api.w.org\/{rel}","templated":true}]}}